{"id":10358,"date":"2023-01-30T18:40:32","date_gmt":"2023-01-30T16:40:32","guid":{"rendered":"https:\/\/alleegalerii.ee\/?post_type=product&#038;p=10358"},"modified":"2024-02-09T14:32:54","modified_gmt":"2024-02-09T12:32:54","slug":"uno-roosvalt-norra-e-munch-iv-2006","status":"publish","type":"product","link":"https:\/\/alleegalerii.ee\/en\/shop\/uno-roosvalt-norra-e-munch-iv-2006\/","title":{"rendered":"Uno Roosvalt &#8220;Norra &#8211; E. Munch IV&#8221;, 2006"},"content":{"rendered":"<p>\u00d5li l\u00f5uendil. Raamitud.<\/p>\n<p>M\u00f5\u00f5dud: 120 x 130 cm<\/p>\n<p>Pilt-pildis-printsiip on kunstiajaloos h\u00e4sti tuntud kompositsiooniv\u00f5te ja Uno Roosvaldi (1941) maal \u201cNorra \u2013 E. Munch\u201d on selle kujukas n\u00e4ide. Suurejoonelisele ja meeleolukale, aga siiski umbisikuliseks j\u00e4\u00e4vale Norra m\u00e4gimaastiku j\u00e4\u00e4dvustusele maalib Roosvalt esiplaanile ka koopia norra kuulsaima maalikunstniku Edward Munchi \u00fchest tuntuimast maalist \u201cT\u00fcdrukud sillal\u201d.<\/p>\n<p>Norra reis j\u00e4ttis Roosvaltile s\u00fcgava mulje ning inspireerituna piirkonna kaunist loodusest ja kunstist identifitseerib eesti maalija loodusmotiivi tolle maa nimeka kunstniku loominguga. Samuti annab mitmekihiline teos v\u00f5imaluse seda lahti t\u00f5lgendada kui jumaliku (loodus) ja kunstliku (maal) kokkukuuluvust, tasakaalus harmooniat.<\/p>\n","protected":false},"excerpt":{"rendered":"<p>\u00d5li l\u00f5uendil. Raamitud.<\/p>\n<p>M\u00f5\u00f5dud: 120 x 130 cm<\/p>\n<p>Pilt-pildis-printsiip on kunstiajaloos h\u00e4sti tuntud kompositsiooniv\u00f5te ja Uno Roosvaldi (1941) maal \u201cNorra \u2013 E. Munch\u201d on selle kujukas n\u00e4ide. Suurejoonelisele ja meeleolukale, aga siiski umbisikuliseks j\u00e4\u00e4vale Norra m\u00e4gimaastiku j\u00e4\u00e4dvustusele maalib Roosvalt esiplaanile ka koopia norra kuulsaima maalikunstniku Edward Munchi \u00fchest tuntuimast maalist \u201cT\u00fcdrukud sillal\u201d.<\/p>\n<p>Norra reis j\u00e4ttis Roosvaldile s\u00fcgava mulje ning inspireerituna piirkonna kaunist loodusest ja kunstist identifitseerib eesti maalija loodusmotiivi tolle maa nimeka kunstniku loominguga. P\u00f5neva kordusmotiivina on Roosvalt Munchi maali horisontaalseid silla k\u00e4sipuid edasi andnud endapoolse edasiarendusena vertikaalsete joonte l\u00e4bi. \u00dchtlasi annab mitmekihiline teos v\u00f5imaluse seda lahti t\u00f5lgendada kui jumaliku (loodus) ja kunstliku (maal) kokkukuuluvust, tasakaalus harmooniat.<\/p>\n","protected":false},"featured_media":9160,"template":"","meta":{"_acf_changed":false},"product_brand":[],"product_cat":[415,56,57,59],"product_tag":[60],"class_list":{"0":"post-10358","1":"product","2":"type-product","3":"status-publish","4":"has-post-thumbnail","6":"product_cat-maal","7":"product_cat-olimaal","8":"product_cat-muudud","9":"product_cat-e-pood","10":"product_tag-e-pood","12":"first","13":"outofstock","14":"sold-individually","15":"shipping-taxable","16":"purchasable","17":"product-type-simple"},"acf":[],"_links":{"self":[{"href":"https:\/\/alleegalerii.ee\/en\/wp-json\/wp\/v2\/product\/10358","targetHints":{"allow":["GET"]}}],"collection":[{"href":"https:\/\/alleegalerii.ee\/en\/wp-json\/wp\/v2\/product"}],"about":[{"href":"https:\/\/alleegalerii.ee\/en\/wp-json\/wp\/v2\/types\/product"}],"wp:featuredmedia":[{"embeddable":true,"href":"https:\/\/alleegalerii.ee\/en\/wp-json\/wp\/v2\/media\/9160"}],"wp:attachment":[{"href":"https:\/\/alleegalerii.ee\/en\/wp-json\/wp\/v2\/media?parent=10358"}],"wp:term":[{"taxonomy":"product_brand","embeddable":true,"href":"https:\/\/alleegalerii.ee\/en\/wp-json\/wp\/v2\/product_brand?post=10358"},{"taxonomy":"product_cat","embeddable":true,"href":"https:\/\/alleegalerii.ee\/en\/wp-json\/wp\/v2\/product_cat?post=10358"},{"taxonomy":"product_tag","embeddable":true,"href":"https:\/\/alleegalerii.ee\/en\/wp-json\/wp\/v2\/product_tag?post=10358"}],"curies":[{"name":"wp","href":"https:\/\/api.w.org\/{rel}","templated":true}]}}