{"id":10357,"date":"2023-01-30T13:40:38","date_gmt":"2023-01-30T11:40:38","guid":{"rendered":"https:\/\/alleegalerii.ee\/?post_type=product&#038;p=10357"},"modified":"2024-01-27T12:58:02","modified_gmt":"2024-01-27T10:58:02","slug":"mari-roosvalt-suvi-kassaris-1971","status":"publish","type":"product","link":"https:\/\/alleegalerii.ee\/en\/shop\/mari-roosvalt-suvi-kassaris-1971\/","title":{"rendered":"Mari Roosvalt &#8220;Suvi Kassaris&#8221;, 1971"},"content":{"rendered":"","protected":false},"excerpt":{"rendered":"<p>M\u00dc\u00dcDUD<\/p>\n<p>\u00d5li l\u00f5uendil. 92 x 73 cm<\/p>\n<p>T\u00e4nap\u00e4eva \u00fche juhtiva eesti maalija Mari Roosvaldi varane, 1970. aastatel valminud looming on otsinguline ja katsetusjulge erinevates v\u00e4ljenduslaadides ja \u017eanrides. Interj\u00f6\u00f6r, loodus ja inimene on aga tema maalidel n\u00e4htav algusest peale. 1971. aastal valminud teos j\u00e4\u00e4dvustab sooja suve Hiiumaa looduskaunis Kassaris.<\/p>\n<p>Naisekuju s\u00fcmboliseerib kunstis sageli kevadet ja suve ning Roosvaldi maalis on ta kompositsiooni keskne element, kes vaatajaga silmsidemesse astudes r\u00f5hutab figuuri soojust, usaldust ja intiimsust. See on ood suvele, muretule elule ja vabadusele.<\/p>\n","protected":false},"featured_media":9129,"template":"","meta":{"_acf_changed":false},"product_brand":[],"product_cat":[415,56,57,59],"product_tag":[60],"class_list":{"0":"post-10357","1":"product","2":"type-product","3":"status-publish","4":"has-post-thumbnail","6":"product_cat-maal","7":"product_cat-olimaal","8":"product_cat-muudud","9":"product_cat-e-pood","10":"product_tag-e-pood","12":"first","13":"outofstock","14":"sold-individually","15":"shipping-taxable","16":"purchasable","17":"product-type-simple"},"acf":[],"_links":{"self":[{"href":"https:\/\/alleegalerii.ee\/en\/wp-json\/wp\/v2\/product\/10357","targetHints":{"allow":["GET"]}}],"collection":[{"href":"https:\/\/alleegalerii.ee\/en\/wp-json\/wp\/v2\/product"}],"about":[{"href":"https:\/\/alleegalerii.ee\/en\/wp-json\/wp\/v2\/types\/product"}],"wp:featuredmedia":[{"embeddable":true,"href":"https:\/\/alleegalerii.ee\/en\/wp-json\/wp\/v2\/media\/9129"}],"wp:attachment":[{"href":"https:\/\/alleegalerii.ee\/en\/wp-json\/wp\/v2\/media?parent=10357"}],"wp:term":[{"taxonomy":"product_brand","embeddable":true,"href":"https:\/\/alleegalerii.ee\/en\/wp-json\/wp\/v2\/product_brand?post=10357"},{"taxonomy":"product_cat","embeddable":true,"href":"https:\/\/alleegalerii.ee\/en\/wp-json\/wp\/v2\/product_cat?post=10357"},{"taxonomy":"product_tag","embeddable":true,"href":"https:\/\/alleegalerii.ee\/en\/wp-json\/wp\/v2\/product_tag?post=10357"}],"curies":[{"name":"wp","href":"https:\/\/api.w.org\/{rel}","templated":true}]}}