{"id":10352,"date":"2023-01-28T14:54:53","date_gmt":"2023-01-28T12:54:53","guid":{"rendered":"https:\/\/alleegalerii.ee\/?post_type=product&#038;p=10352"},"modified":"2024-03-14T09:40:28","modified_gmt":"2024-03-14T07:40:28","slug":"gregor-von-bochmann-sudasuvel-1910-1920","status":"publish","type":"product","link":"https:\/\/alleegalerii.ee\/en\/shop\/gregor-von-bochmann-sudasuvel-1910-1920\/","title":{"rendered":"Gregor von Bochmann &#8220;S\u00fcdasuvel&#8221;, 1910-1920"},"content":{"rendered":"","protected":false},"excerpt":{"rendered":"<p>\u00d5li, l\u00f5uend kleebitud vineerile. Raamitud.<\/p>\n<p>M\u00f5\u00f5dud: 17 x 26,5 cm. Raamiga 31 x 40 cm.<\/p>\n<p>All paremal: G. Bochmann<\/p>\n<p>L\u00e4\u00e4nemaal s\u00fcndinud ja kuulsas D\u00fcsseldorfi Kunstiakadeemias \u00f5ppinud ning hiljem professorina t\u00f6\u00f6tanud Alexander Heinrich Gregor von Bochmann (1850-1930) kogus kuulsust oma olustikumaalidega. 20. sajandi algul muutus Bochmanni k\u00e4sitlus impressionismil\u00e4hedasemaks &#8211; samast ajastust p\u00e4rineb ka k\u00e4esolev maal.<\/p>\n<p>Teosega saab tutvuda Allee galeriis.<\/p>\n","protected":false},"featured_media":10353,"template":"","meta":{"_acf_changed":false},"product_brand":[],"product_cat":[415,56,59],"product_tag":[60],"class_list":{"0":"post-10352","1":"product","2":"type-product","3":"status-publish","4":"has-post-thumbnail","6":"product_cat-maal","7":"product_cat-olimaal","8":"product_cat-e-pood","9":"product_tag-e-pood","11":"first","12":"outofstock","13":"sold-individually","14":"shipping-taxable","15":"product-type-simple"},"acf":[],"_links":{"self":[{"href":"https:\/\/alleegalerii.ee\/en\/wp-json\/wp\/v2\/product\/10352","targetHints":{"allow":["GET"]}}],"collection":[{"href":"https:\/\/alleegalerii.ee\/en\/wp-json\/wp\/v2\/product"}],"about":[{"href":"https:\/\/alleegalerii.ee\/en\/wp-json\/wp\/v2\/types\/product"}],"wp:featuredmedia":[{"embeddable":true,"href":"https:\/\/alleegalerii.ee\/en\/wp-json\/wp\/v2\/media\/10353"}],"wp:attachment":[{"href":"https:\/\/alleegalerii.ee\/en\/wp-json\/wp\/v2\/media?parent=10352"}],"wp:term":[{"taxonomy":"product_brand","embeddable":true,"href":"https:\/\/alleegalerii.ee\/en\/wp-json\/wp\/v2\/product_brand?post=10352"},{"taxonomy":"product_cat","embeddable":true,"href":"https:\/\/alleegalerii.ee\/en\/wp-json\/wp\/v2\/product_cat?post=10352"},{"taxonomy":"product_tag","embeddable":true,"href":"https:\/\/alleegalerii.ee\/en\/wp-json\/wp\/v2\/product_tag?post=10352"}],"curies":[{"name":"wp","href":"https:\/\/api.w.org\/{rel}","templated":true}]}}