{"id":10332,"date":"2023-01-26T16:23:27","date_gmt":"2023-01-26T14:23:27","guid":{"rendered":"https:\/\/alleegalerii.ee\/?post_type=product&#038;p=10332"},"modified":"2024-11-18T09:40:44","modified_gmt":"2024-11-18T07:40:44","slug":"kaljo-polli-krusanteemid-1985","status":"publish","type":"product","link":"https:\/\/alleegalerii.ee\/en\/shop\/kaljo-polli-krusanteemid-1985\/","title":{"rendered":"Kaljo Polli &#8220;Kr\u00fcsanteemid&#8221;, 1985"},"content":{"rendered":"","protected":false},"excerpt":{"rendered":"<p>M\u00dc\u00dcDUD<\/p>\n<p>\u00d5li, kartong. Raamitud.<\/p>\n<p>M\u00f5\u00f5dud: 81 x 50 cm. Raamiga 85 x 55 cm.<\/p>\n<p>All paremal: KPolli 85.<br \/>\nP\u00f6\u00f6rdel: KALJO POLLI &#8220;KR\u00dcSANTEEMID&#8221; 1985 \u00d5LI K. 81 X 50<\/p>\n<p>Johannes V\u00f5erahansu k\u00e4e all maalikunstnikuks kujunenud Kaljo Polli (1928-2004) peent kolorismitaju on tunda l\u00e4bi tema loomingu. Ka k\u00e4esoleva teose v\u00f5luvaimaks v\u00e4\u00e4rtuseks on tundeline m\u00e4ng v\u00e4rvidega, nende sulandumine ja esilet\u00f5us \u00fcheaegselt.<\/p>\n<p>Teosega saab tutvuda Allee galeriis.<\/p>\n","protected":false},"featured_media":10334,"template":"","meta":{"_acf_changed":false},"product_brand":[],"product_cat":[415,56,57,59],"product_tag":[60],"class_list":{"0":"post-10332","1":"product","2":"type-product","3":"status-publish","4":"has-post-thumbnail","6":"product_cat-maal","7":"product_cat-olimaal","8":"product_cat-muudud","9":"product_cat-e-pood","10":"product_tag-e-pood","12":"first","13":"outofstock","14":"sold-individually","15":"shipping-taxable","16":"purchasable","17":"product-type-simple"},"acf":[],"_links":{"self":[{"href":"https:\/\/alleegalerii.ee\/en\/wp-json\/wp\/v2\/product\/10332","targetHints":{"allow":["GET"]}}],"collection":[{"href":"https:\/\/alleegalerii.ee\/en\/wp-json\/wp\/v2\/product"}],"about":[{"href":"https:\/\/alleegalerii.ee\/en\/wp-json\/wp\/v2\/types\/product"}],"wp:featuredmedia":[{"embeddable":true,"href":"https:\/\/alleegalerii.ee\/en\/wp-json\/wp\/v2\/media\/10334"}],"wp:attachment":[{"href":"https:\/\/alleegalerii.ee\/en\/wp-json\/wp\/v2\/media?parent=10332"}],"wp:term":[{"taxonomy":"product_brand","embeddable":true,"href":"https:\/\/alleegalerii.ee\/en\/wp-json\/wp\/v2\/product_brand?post=10332"},{"taxonomy":"product_cat","embeddable":true,"href":"https:\/\/alleegalerii.ee\/en\/wp-json\/wp\/v2\/product_cat?post=10332"},{"taxonomy":"product_tag","embeddable":true,"href":"https:\/\/alleegalerii.ee\/en\/wp-json\/wp\/v2\/product_tag?post=10332"}],"curies":[{"name":"wp","href":"https:\/\/api.w.org\/{rel}","templated":true}]}}