{"id":10329,"date":"2023-01-26T16:13:25","date_gmt":"2023-01-26T14:13:25","guid":{"rendered":"https:\/\/alleegalerii.ee\/?post_type=product&#038;p=10329"},"modified":"2023-11-14T22:07:16","modified_gmt":"2023-11-14T20:07:16","slug":"marju-bormeister-maastik-kollase-polluga-1978","status":"publish","type":"product","link":"https:\/\/alleegalerii.ee\/en\/shop\/marju-bormeister-maastik-kollase-polluga-1978\/","title":{"rendered":"Marju Bormeister &#8220;Maastik kollase p\u00f5lluga&#8221;, 1978"},"content":{"rendered":"","protected":false},"excerpt":{"rendered":"<p>\u00d5li soome papil. Raamitud (soovitame raami vahetust v\u00f5i korrastust)<\/p>\n<p>M\u00f5\u00f5dud: 50 x 78 cm. Raamiga 55 x 85 cm.<\/p>\n<p>All paremal: MARJU BORMEISTER-KAGOVERE<br \/>\nP\u00f6\u00f6rdel: MARJU BORMEISTER-KAGOVERE TALLINN 1978A MAASTIK KOLLASE P\u00d5LLUGA \u00d5LI 50 X 78 CM<\/p>\n<p>Marju Kagovere-Bormeister sai juba geenidega kaasa kunstiande. 1985. aastal ERKI maalikunstniku ja pedagoogina l\u00f5petanud Bormeister armastab oma loomingus kasutada motiive loodusest, lisaks maastike kujutamisele ka k\u00f5nekaid s\u00fcmboleid nagu kala v\u00f5i kukk.<\/p>\n<p>K\u00e4esolevas maastikus on kunstnikku v\u00f5lunud hiliss\u00fcgiseselt kuldne p\u00f5ld, mille k\u00fcpsed toonid muudavad teose nostalgiliseks ja igatsuslikuks.<\/p>\n<p>Teosega saab tutvuda Allee galeriis.<\/p>\n","protected":false},"featured_media":10330,"template":"","meta":{"_acf_changed":false},"product_brand":[],"product_cat":[415,56,59],"product_tag":[60],"class_list":{"0":"post-10329","1":"product","2":"type-product","3":"status-publish","4":"has-post-thumbnail","6":"product_cat-maal","7":"product_cat-olimaal","8":"product_cat-e-pood","9":"product_tag-e-pood","11":"first","12":"outofstock","13":"sold-individually","14":"shipping-taxable","15":"product-type-simple"},"acf":[],"_links":{"self":[{"href":"https:\/\/alleegalerii.ee\/en\/wp-json\/wp\/v2\/product\/10329","targetHints":{"allow":["GET"]}}],"collection":[{"href":"https:\/\/alleegalerii.ee\/en\/wp-json\/wp\/v2\/product"}],"about":[{"href":"https:\/\/alleegalerii.ee\/en\/wp-json\/wp\/v2\/types\/product"}],"wp:featuredmedia":[{"embeddable":true,"href":"https:\/\/alleegalerii.ee\/en\/wp-json\/wp\/v2\/media\/10330"}],"wp:attachment":[{"href":"https:\/\/alleegalerii.ee\/en\/wp-json\/wp\/v2\/media?parent=10329"}],"wp:term":[{"taxonomy":"product_brand","embeddable":true,"href":"https:\/\/alleegalerii.ee\/en\/wp-json\/wp\/v2\/product_brand?post=10329"},{"taxonomy":"product_cat","embeddable":true,"href":"https:\/\/alleegalerii.ee\/en\/wp-json\/wp\/v2\/product_cat?post=10329"},{"taxonomy":"product_tag","embeddable":true,"href":"https:\/\/alleegalerii.ee\/en\/wp-json\/wp\/v2\/product_tag?post=10329"}],"curies":[{"name":"wp","href":"https:\/\/api.w.org\/{rel}","templated":true}]}}