{"id":10318,"date":"2023-01-25T14:53:37","date_gmt":"2023-01-25T12:53:37","guid":{"rendered":"https:\/\/alleegalerii.ee\/?post_type=product&#038;p=10318"},"modified":"2023-11-14T22:07:18","modified_gmt":"2023-11-14T20:07:18","slug":"juri-arrak-borsi-kaik-1966","status":"publish","type":"product","link":"https:\/\/alleegalerii.ee\/en\/shop\/juri-arrak-borsi-kaik-1966\/","title":{"rendered":"J\u00fcri Arrak &#8220;B\u00f6rsi k\u00e4ik&#8221;, 1966"},"content":{"rendered":"","protected":false},"excerpt":{"rendered":"<p>Grav\u00fc\u00fcr, paber. Paspartuu\u00fcmbrisega.<\/p>\n<p>M\u00f5\u00f5dud: plm 14,5 x 10,5 cm.<\/p>\n<p>All vasakul: &#8220;B\u00f6rsi k\u00e4ik&#8221; grav\u00fc\u00fcr. All paremal: J.Arrak 1966.<\/p>\n<p>1966. aastal valmisid J\u00fcri Arrakul (1936-2022) mitmed graafilised t\u00f6\u00f6d Tallinna vanalinnast. B\u00f6rsi k\u00e4ik oli \u00fcks neist paikadest, mis oma keskaegse h\u00f5ngu ja veidi m\u00fcstilise olemusega kunstnikke v\u00f5lus, nii n\u00e4iteks on sama motiivi kujutanud ka J\u00fcri poolvend Henno Arrak.<\/p>\n<p>Teosega saab tutvuda Allee galeriis.<\/p>\n","protected":false},"featured_media":10320,"template":"","meta":{"_acf_changed":false},"product_brand":[],"product_cat":[61,59],"product_tag":[60],"class_list":{"0":"post-10318","1":"product","2":"type-product","3":"status-publish","4":"has-post-thumbnail","6":"product_cat-graafika","7":"product_cat-e-pood","8":"product_tag-e-pood","10":"first","11":"outofstock","12":"sold-individually","13":"shipping-taxable","14":"product-type-simple"},"acf":[],"_links":{"self":[{"href":"https:\/\/alleegalerii.ee\/en\/wp-json\/wp\/v2\/product\/10318","targetHints":{"allow":["GET"]}}],"collection":[{"href":"https:\/\/alleegalerii.ee\/en\/wp-json\/wp\/v2\/product"}],"about":[{"href":"https:\/\/alleegalerii.ee\/en\/wp-json\/wp\/v2\/types\/product"}],"wp:featuredmedia":[{"embeddable":true,"href":"https:\/\/alleegalerii.ee\/en\/wp-json\/wp\/v2\/media\/10320"}],"wp:attachment":[{"href":"https:\/\/alleegalerii.ee\/en\/wp-json\/wp\/v2\/media?parent=10318"}],"wp:term":[{"taxonomy":"product_brand","embeddable":true,"href":"https:\/\/alleegalerii.ee\/en\/wp-json\/wp\/v2\/product_brand?post=10318"},{"taxonomy":"product_cat","embeddable":true,"href":"https:\/\/alleegalerii.ee\/en\/wp-json\/wp\/v2\/product_cat?post=10318"},{"taxonomy":"product_tag","embeddable":true,"href":"https:\/\/alleegalerii.ee\/en\/wp-json\/wp\/v2\/product_tag?post=10318"}],"curies":[{"name":"wp","href":"https:\/\/api.w.org\/{rel}","templated":true}]}}