{"id":10294,"date":"2023-01-24T16:43:11","date_gmt":"2023-01-24T14:43:11","guid":{"rendered":"https:\/\/alleegalerii.ee\/?post_type=product&#038;p=10294"},"modified":"2025-03-06T12:43:59","modified_gmt":"2025-03-06T10:43:59","slug":"peeter-must-neljas-lugu-2021","status":"publish","type":"product","link":"https:\/\/alleegalerii.ee\/en\/shop\/peeter-must-neljas-lugu-2021\/","title":{"rendered":"Peeter Must &#8220;Neljas lugu&#8221;, 2021"},"content":{"rendered":"","protected":false},"excerpt":{"rendered":"<p>M\u00dc\u00dcDUD<\/p>\n<p>\u00d5li l\u00f5uendil, raamitud.<\/p>\n<p>M\u00f5\u00f5dud: 70 x70 cm.<\/p>\n<p>EKA l\u00f5petanud Peeter Musta (s 1967) looming on kui s\u00f5\u00f5m v\u00e4rsket suve\u00f5hku keset halli talveperioodi. Eestimaa kuumimatest p\u00e4evade emotsioonidest k\u00f5nelevad teosed viivad \u00fchte looduse ning naisekuju, kelle omavaheline suhe on armastav ja austav.<\/p>\n<p>Teos on eksponeeritud Peeter Musta isikun\u00e4itusel &#8220;Rand&#8221; Allee galeriis 23.01-02.03 (kuraator Harry Liivrand).<\/p>\n","protected":false},"featured_media":10310,"template":"","meta":{"_acf_changed":false},"product_brand":[],"product_cat":[415,56,57,59],"product_tag":[60],"class_list":{"0":"post-10294","1":"product","2":"type-product","3":"status-publish","4":"has-post-thumbnail","6":"product_cat-maal","7":"product_cat-olimaal","8":"product_cat-muudud","9":"product_cat-e-pood","10":"product_tag-e-pood","12":"first","13":"outofstock","14":"sold-individually","15":"shipping-taxable","16":"product-type-simple"},"acf":[],"_links":{"self":[{"href":"https:\/\/alleegalerii.ee\/en\/wp-json\/wp\/v2\/product\/10294","targetHints":{"allow":["GET"]}}],"collection":[{"href":"https:\/\/alleegalerii.ee\/en\/wp-json\/wp\/v2\/product"}],"about":[{"href":"https:\/\/alleegalerii.ee\/en\/wp-json\/wp\/v2\/types\/product"}],"wp:featuredmedia":[{"embeddable":true,"href":"https:\/\/alleegalerii.ee\/en\/wp-json\/wp\/v2\/media\/10310"}],"wp:attachment":[{"href":"https:\/\/alleegalerii.ee\/en\/wp-json\/wp\/v2\/media?parent=10294"}],"wp:term":[{"taxonomy":"product_brand","embeddable":true,"href":"https:\/\/alleegalerii.ee\/en\/wp-json\/wp\/v2\/product_brand?post=10294"},{"taxonomy":"product_cat","embeddable":true,"href":"https:\/\/alleegalerii.ee\/en\/wp-json\/wp\/v2\/product_cat?post=10294"},{"taxonomy":"product_tag","embeddable":true,"href":"https:\/\/alleegalerii.ee\/en\/wp-json\/wp\/v2\/product_tag?post=10294"}],"curies":[{"name":"wp","href":"https:\/\/api.w.org\/{rel}","templated":true}]}}