{"id":10293,"date":"2023-01-23T21:28:39","date_gmt":"2023-01-23T19:28:39","guid":{"rendered":"https:\/\/alleegalerii.ee\/?post_type=product&#038;p=10293"},"modified":"2025-03-06T12:44:10","modified_gmt":"2025-03-06T10:44:10","slug":"peeter-must-tiigitrepp-2022","status":"publish","type":"product","link":"https:\/\/alleegalerii.ee\/en\/shop\/peeter-must-tiigitrepp-2022\/","title":{"rendered":"Peeter Must &#8220;Tiigitrepp&#8221;, 2022"},"content":{"rendered":"","protected":false},"excerpt":{"rendered":"<p>M\u00dc\u00dcDUD.<\/p>\n<p>\u00d5li l\u00f5uendil. Raamitud.<\/p>\n<p>M\u00f5\u00f5dud: 120 x 120 cm<\/p>\n<p>EKA l\u00f5petanud Peeter Musta (s 1967) looming on kui s\u00f5\u00f5m v\u00e4rsket suve\u00f5hku keset halli talveperioodi. Eestimaa kuumimatest p\u00e4evade emotsioonidest k\u00f5nelevad teosed viivad \u00fchte looduse ning naisekuju, kelle omavaheline suhe on armastav ja austav.<\/p>\n<p>Teos on eksponeeritud Peeter Musta isikun\u00e4itusel &#8220;Rand&#8221; Allee galeriis 23.01-02.03 (kuraator Harry Liivrand). \u00dchtlasi on tegu n\u00e4ituse reklaamplakati peapildiga.<\/p>\n","protected":false},"featured_media":10255,"template":"","meta":{"_acf_changed":false},"product_brand":[],"product_cat":[415,56,59],"product_tag":[60],"class_list":{"0":"post-10293","1":"product","2":"type-product","3":"status-publish","4":"has-post-thumbnail","6":"product_cat-maal","7":"product_cat-olimaal","8":"product_cat-e-pood","9":"product_tag-e-pood","11":"first","12":"outofstock","13":"sold-individually","14":"shipping-taxable","15":"product-type-simple"},"acf":[],"_links":{"self":[{"href":"https:\/\/alleegalerii.ee\/en\/wp-json\/wp\/v2\/product\/10293","targetHints":{"allow":["GET"]}}],"collection":[{"href":"https:\/\/alleegalerii.ee\/en\/wp-json\/wp\/v2\/product"}],"about":[{"href":"https:\/\/alleegalerii.ee\/en\/wp-json\/wp\/v2\/types\/product"}],"wp:featuredmedia":[{"embeddable":true,"href":"https:\/\/alleegalerii.ee\/en\/wp-json\/wp\/v2\/media\/10255"}],"wp:attachment":[{"href":"https:\/\/alleegalerii.ee\/en\/wp-json\/wp\/v2\/media?parent=10293"}],"wp:term":[{"taxonomy":"product_brand","embeddable":true,"href":"https:\/\/alleegalerii.ee\/en\/wp-json\/wp\/v2\/product_brand?post=10293"},{"taxonomy":"product_cat","embeddable":true,"href":"https:\/\/alleegalerii.ee\/en\/wp-json\/wp\/v2\/product_cat?post=10293"},{"taxonomy":"product_tag","embeddable":true,"href":"https:\/\/alleegalerii.ee\/en\/wp-json\/wp\/v2\/product_tag?post=10293"}],"curies":[{"name":"wp","href":"https:\/\/api.w.org\/{rel}","templated":true}]}}