{"id":10237,"date":"2023-01-18T17:45:14","date_gmt":"2023-01-18T15:45:14","guid":{"rendered":"https:\/\/alleegalerii.ee\/?post_type=product&#038;p=10237"},"modified":"2024-01-27T13:06:06","modified_gmt":"2024-01-27T11:06:06","slug":"boris-ottenberg-lehtla-pargis-1928","status":"publish","type":"product","link":"https:\/\/alleegalerii.ee\/en\/shop\/boris-ottenberg-lehtla-pargis-1928\/","title":{"rendered":"Boris Ottenberg \u201cLehtla pargis\u201d, 1928"},"content":{"rendered":"","protected":false},"excerpt":{"rendered":"<p>M\u00dc\u00dcDUD<\/p>\n<p>Pastell paberil. Raamitud.<\/p>\n<p>M\u00f5\u00f5dud ava 62,5 x 45,5 cm. Raamiga 86,5 x 68,5 cm.<\/p>\n<p>All vasakul: B. Ottenberg 1928<\/p>\n<p>Saksa perekonnast p\u00e4rit Boris Ottenberg (1891-1946) v\u00f5ttis aktiivselt osa siinsest kunstielust. Tundliku loodusevaatlejana oskas ta t\u00e4hele panna selle \u00f5rnu varjundeid ning tabavalt j\u00e4\u00e4dvustada valitsevat \u00f5hustikku. Ottenberg armastas maalida natuurist ning tema juugendstiili m\u00f5jutustega teosed v\u00f5luvad vaatajat oma \u00f5rna stiiliga.<\/p>\n<p>Teosega saab tutvuda Allee galeriis.<\/p>\n","protected":false},"featured_media":10239,"template":"","meta":{"_acf_changed":false},"product_brand":[],"product_cat":[415,62,57,59,68],"product_tag":[60],"class_list":{"0":"post-10237","1":"product","2":"type-product","3":"status-publish","4":"has-post-thumbnail","6":"product_cat-maal","7":"product_cat-joonistus","8":"product_cat-muudud","9":"product_cat-e-pood","10":"product_cat-pastell","11":"product_tag-e-pood","13":"first","14":"outofstock","15":"sold-individually","16":"shipping-taxable","17":"purchasable","18":"product-type-simple"},"acf":[],"_links":{"self":[{"href":"https:\/\/alleegalerii.ee\/en\/wp-json\/wp\/v2\/product\/10237","targetHints":{"allow":["GET"]}}],"collection":[{"href":"https:\/\/alleegalerii.ee\/en\/wp-json\/wp\/v2\/product"}],"about":[{"href":"https:\/\/alleegalerii.ee\/en\/wp-json\/wp\/v2\/types\/product"}],"wp:featuredmedia":[{"embeddable":true,"href":"https:\/\/alleegalerii.ee\/en\/wp-json\/wp\/v2\/media\/10239"}],"wp:attachment":[{"href":"https:\/\/alleegalerii.ee\/en\/wp-json\/wp\/v2\/media?parent=10237"}],"wp:term":[{"taxonomy":"product_brand","embeddable":true,"href":"https:\/\/alleegalerii.ee\/en\/wp-json\/wp\/v2\/product_brand?post=10237"},{"taxonomy":"product_cat","embeddable":true,"href":"https:\/\/alleegalerii.ee\/en\/wp-json\/wp\/v2\/product_cat?post=10237"},{"taxonomy":"product_tag","embeddable":true,"href":"https:\/\/alleegalerii.ee\/en\/wp-json\/wp\/v2\/product_tag?post=10237"}],"curies":[{"name":"wp","href":"https:\/\/api.w.org\/{rel}","templated":true}]}}