{"id":10231,"date":"2023-01-18T17:33:06","date_gmt":"2023-01-18T15:33:06","guid":{"rendered":"https:\/\/alleegalerii.ee\/?post_type=product&#038;p=10231"},"modified":"2024-07-28T17:19:24","modified_gmt":"2024-07-28T14:19:24","slug":"ernst-hallop-talvemaastik-1959","status":"publish","type":"product","link":"https:\/\/alleegalerii.ee\/en\/shop\/ernst-hallop-talvemaastik-1959\/","title":{"rendered":"Ernst Hallop &#8220;Talvemaastik&#8221;, 1959"},"content":{"rendered":"","protected":false},"excerpt":{"rendered":"<p>\u00d5li papil. Raamitud.<\/p>\n<p>M\u00f5\u00f5dud 34,5 x 45,5 cm. Raamiga 43,5 x 54 cm.<\/p>\n<p>All paremal: E. Hallop 59<\/p>\n<p>Aedniku perekonnas s\u00fcndinud Ernst Hallop (1908 \u2013 1980) veetis lapsep\u00f5lve V\u00f5rus ning asus hiljem \u00f5ppima Ado Vabbe k\u00e4e alla Pallasesse, mille l\u00f5petas 1934. Juba j\u00e4rgmisel aastal suundus Hallop end kunstialaselt t\u00e4iendama erinevatesse Euroopa riikidesse, hiljem ka N\u00f5ukogude Liidu eri paikadesse. Kodumaal oli tema s\u00fcdamel\u00e4hedaseimaks piirkonnaks ikka L\u00f5una-Eesti, kus oli veetnud enamuse oma noorusp\u00f5lvest.<\/p>\n<p>Teosega saab tutvuda Allee galeriis.<\/p>\n","protected":false},"featured_media":10232,"template":"","meta":{"_acf_changed":false},"product_brand":[],"product_cat":[415,56,57,59],"product_tag":[60],"class_list":{"0":"post-10231","1":"product","2":"type-product","3":"status-publish","4":"has-post-thumbnail","6":"product_cat-maal","7":"product_cat-olimaal","8":"product_cat-muudud","9":"product_cat-e-pood","10":"product_tag-e-pood","12":"first","13":"outofstock","14":"sold-individually","15":"shipping-taxable","16":"purchasable","17":"product-type-simple"},"acf":[],"_links":{"self":[{"href":"https:\/\/alleegalerii.ee\/en\/wp-json\/wp\/v2\/product\/10231","targetHints":{"allow":["GET"]}}],"collection":[{"href":"https:\/\/alleegalerii.ee\/en\/wp-json\/wp\/v2\/product"}],"about":[{"href":"https:\/\/alleegalerii.ee\/en\/wp-json\/wp\/v2\/types\/product"}],"wp:featuredmedia":[{"embeddable":true,"href":"https:\/\/alleegalerii.ee\/en\/wp-json\/wp\/v2\/media\/10232"}],"wp:attachment":[{"href":"https:\/\/alleegalerii.ee\/en\/wp-json\/wp\/v2\/media?parent=10231"}],"wp:term":[{"taxonomy":"product_brand","embeddable":true,"href":"https:\/\/alleegalerii.ee\/en\/wp-json\/wp\/v2\/product_brand?post=10231"},{"taxonomy":"product_cat","embeddable":true,"href":"https:\/\/alleegalerii.ee\/en\/wp-json\/wp\/v2\/product_cat?post=10231"},{"taxonomy":"product_tag","embeddable":true,"href":"https:\/\/alleegalerii.ee\/en\/wp-json\/wp\/v2\/product_tag?post=10231"}],"curies":[{"name":"wp","href":"https:\/\/api.w.org\/{rel}","templated":true}]}}