{"id":10222,"date":"2023-01-18T12:49:27","date_gmt":"2023-01-18T10:49:27","guid":{"rendered":"https:\/\/alleegalerii.ee\/?post_type=product&#038;p=10222"},"modified":"2025-03-24T15:08:16","modified_gmt":"2025-03-24T13:08:16","slug":"karl-burman-junior-riia-1959","status":"publish","type":"product","link":"https:\/\/alleegalerii.ee\/en\/shop\/karl-burman-junior-riia-1959\/","title":{"rendered":"Karl Burman junior &#8220;Riia\u201c, 1959"},"content":{"rendered":"","protected":false},"excerpt":{"rendered":"<p>Akvarell paberil, dubleeritud papile. Raamimata.<br \/>\nTeos on restaureeritud.<\/p>\n<p>M\u00f5\u00f5dud 64 x 45 cm.<\/p>\n<p>All paremal: Karl Burman junior Riga 1959.a<\/p>\n<p>Linnavaade on olulisel kohal nii Karl Burman seniori kui Karl Burman juniori loomingus. Kuna nad m\u00f5lemad olid arhitektiharidusega ning pealegi elas vanem neist vanalinnas, moodustas \u00fcmbritsev keskkond neile igap\u00e4evase l\u00f5putu inspiratsiooniallika.<\/p>\n<p>Burman juniorist sai \u00fcks oma aja tuntumaid akvarelliste. Kunstniku klassikaliselt m\u00f5juv akvarellilaad oli hoogne ja virtuoosne ning selle t\u00e4pne laad lisas kujutatavale ajaloolise v\u00e4\u00e4rtuse, nii ka k\u00e4esoleva Riia vaate puhul.<\/p>\n<p>Teosega saab tutvuda Allee galeriis.<\/p>\n","protected":false},"featured_media":10223,"template":"","meta":{"_acf_changed":false},"product_brand":[],"product_cat":[415,54,59],"product_tag":[60],"class_list":{"0":"post-10222","1":"product","2":"type-product","3":"status-publish","4":"has-post-thumbnail","6":"product_cat-maal","7":"product_cat-akvarell","8":"product_cat-e-pood","9":"product_tag-e-pood","11":"first","12":"outofstock","13":"sold-individually","14":"shipping-taxable","15":"product-type-simple"},"acf":[],"_links":{"self":[{"href":"https:\/\/alleegalerii.ee\/en\/wp-json\/wp\/v2\/product\/10222","targetHints":{"allow":["GET"]}}],"collection":[{"href":"https:\/\/alleegalerii.ee\/en\/wp-json\/wp\/v2\/product"}],"about":[{"href":"https:\/\/alleegalerii.ee\/en\/wp-json\/wp\/v2\/types\/product"}],"wp:featuredmedia":[{"embeddable":true,"href":"https:\/\/alleegalerii.ee\/en\/wp-json\/wp\/v2\/media\/10223"}],"wp:attachment":[{"href":"https:\/\/alleegalerii.ee\/en\/wp-json\/wp\/v2\/media?parent=10222"}],"wp:term":[{"taxonomy":"product_brand","embeddable":true,"href":"https:\/\/alleegalerii.ee\/en\/wp-json\/wp\/v2\/product_brand?post=10222"},{"taxonomy":"product_cat","embeddable":true,"href":"https:\/\/alleegalerii.ee\/en\/wp-json\/wp\/v2\/product_cat?post=10222"},{"taxonomy":"product_tag","embeddable":true,"href":"https:\/\/alleegalerii.ee\/en\/wp-json\/wp\/v2\/product_tag?post=10222"}],"curies":[{"name":"wp","href":"https:\/\/api.w.org\/{rel}","templated":true}]}}