{"id":10221,"date":"2023-01-18T12:47:56","date_gmt":"2023-01-18T10:47:56","guid":{"rendered":"https:\/\/alleegalerii.ee\/?post_type=product&#038;p=10221"},"modified":"2025-02-13T12:51:26","modified_gmt":"2025-02-13T10:51:26","slug":"herman-talvik-maastik","status":"publish","type":"product","link":"https:\/\/alleegalerii.ee\/en\/shop\/herman-talvik-maastik\/","title":{"rendered":"Herman Talvik &#8220;Maastik\u201c"},"content":{"rendered":"","protected":false},"excerpt":{"rendered":"<p>\u00d5li l\u00f5uendil. Raamitud.<\/p>\n<p>M\u00f5\u00f5dud 46 x 66 cm. Raamiga 60 x 79,5 cm.<\/p>\n<p>All paremal: TALVIK<\/p>\n<p>Herman Talviku (1906-1984) kunstiharidus sai aluse Riigi Kunstt\u00f6\u00f6stuskoolis ning j\u00e4tkus enda t\u00e4iendamisega maali alal nii Soomes kui mujal Euroopas. Juba Eestis saatis Talvikut kunstiteadlaste t\u00e4helepanu, kuid tema t\u00f5eline t\u00e4helend saabus Rootsis, kuhu ta 1944. aastal emigreerus.\u00a0Seal kujunes temast v\u00e4liseesti kunsti silmapaistev isiksus, kelle teoseid omandasid lisaks mainekale Rootsi rahvusmuuseumile ka mitmete teiste Rootsi linnade\u00a0 muuseumid.<\/p>\n<p>Teosega saab tutvuda Allee galeriis (palume soovist eelnevalt m\u00e4rku anda).<\/p>\n","protected":false},"featured_media":10226,"template":"","meta":{"_acf_changed":false},"product_brand":[],"product_cat":[415,56,59],"product_tag":[60],"class_list":{"0":"post-10221","1":"product","2":"type-product","3":"status-publish","4":"has-post-thumbnail","6":"product_cat-maal","7":"product_cat-olimaal","8":"product_cat-e-pood","9":"product_tag-e-pood","11":"first","12":"instock","13":"sold-individually","14":"shipping-taxable","15":"purchasable","16":"product-type-simple"},"acf":[],"_links":{"self":[{"href":"https:\/\/alleegalerii.ee\/en\/wp-json\/wp\/v2\/product\/10221","targetHints":{"allow":["GET"]}}],"collection":[{"href":"https:\/\/alleegalerii.ee\/en\/wp-json\/wp\/v2\/product"}],"about":[{"href":"https:\/\/alleegalerii.ee\/en\/wp-json\/wp\/v2\/types\/product"}],"wp:featuredmedia":[{"embeddable":true,"href":"https:\/\/alleegalerii.ee\/en\/wp-json\/wp\/v2\/media\/10226"}],"wp:attachment":[{"href":"https:\/\/alleegalerii.ee\/en\/wp-json\/wp\/v2\/media?parent=10221"}],"wp:term":[{"taxonomy":"product_brand","embeddable":true,"href":"https:\/\/alleegalerii.ee\/en\/wp-json\/wp\/v2\/product_brand?post=10221"},{"taxonomy":"product_cat","embeddable":true,"href":"https:\/\/alleegalerii.ee\/en\/wp-json\/wp\/v2\/product_cat?post=10221"},{"taxonomy":"product_tag","embeddable":true,"href":"https:\/\/alleegalerii.ee\/en\/wp-json\/wp\/v2\/product_tag?post=10221"}],"curies":[{"name":"wp","href":"https:\/\/api.w.org\/{rel}","templated":true}]}}