{"id":10219,"date":"2023-01-18T12:41:46","date_gmt":"2023-01-18T10:41:46","guid":{"rendered":"https:\/\/alleegalerii.ee\/?post_type=product&#038;p=10219"},"modified":"2025-02-13T12:51:46","modified_gmt":"2025-02-13T10:51:46","slug":"olev-mikiver-siljansnas-1973","status":"publish","type":"product","link":"https:\/\/alleegalerii.ee\/en\/shop\/olev-mikiver-siljansnas-1973\/","title":{"rendered":"Olev Mikiver &#8220;Siljansn\u00e4s\u201c, 1973"},"content":{"rendered":"","protected":false},"excerpt":{"rendered":"<p>\u00d5li l\u00f5uendil. Raamitud.<\/p>\n<p>M\u00f5\u00f5dud 35 x 45 cm.<\/p>\n<p>All vasakul: O. Mikiver P\u00f6\u00f6rdel: Olev Mikiver Siljansn\u00e4s 1973<\/p>\n<p>Eesti p\u00f5hjapoolseimast linnast, Loksalt p\u00e4rit Olev Mikiver (1922-1994) oli \u00fcks silmapaistvamaid maalijaid-pagulasi. Ta alustas oma kunsti\u00f5pinguid s\u00f5ja-aastatel \u00f5ppides Tallinnas graafikat ning Tartus, K\u00f5rgematel Kujutava Kunsti Kursustel maali, peamiselt Eerik Haameri k\u00e4e all. Saksa mobilisatsioonist p\u00e4\u00e4semiseks p\u00f5genes Mikiver 1943. aastal Soome sk\u00e4\u00e4ridesse. Sellest hetkest alates osales ta arvukates lahingutes ning 1944. aastal p\u00f6\u00f6rdus Rootsi, kus lisaks maalijana tegutsemisele t\u00e4iendas end nii Stockholmis kui Pariisis.<\/p>\n<p>Just Rootsis elades kujunes Mikiveril kiiresti v\u00e4lja oma isikup\u00e4rane stiil. Tema kunst oli justkui ajast ees ning erinevate stiilide \u00fchendamise t\u00f5ttu nimetati teda eesti kunsti avangardistiks.<\/p>\n<p>Teosega saab tutvuda Allee galeriis (palume soovist eelnevalt m\u00e4rku anda).<\/p>\n","protected":false},"featured_media":10228,"template":"","meta":{"_acf_changed":false},"product_brand":[],"product_cat":[415,56,59],"product_tag":[60],"class_list":{"0":"post-10219","1":"product","2":"type-product","3":"status-publish","4":"has-post-thumbnail","6":"product_cat-maal","7":"product_cat-olimaal","8":"product_cat-e-pood","9":"product_tag-e-pood","11":"first","12":"instock","13":"sold-individually","14":"shipping-taxable","15":"purchasable","16":"product-type-simple"},"acf":[],"_links":{"self":[{"href":"https:\/\/alleegalerii.ee\/en\/wp-json\/wp\/v2\/product\/10219","targetHints":{"allow":["GET"]}}],"collection":[{"href":"https:\/\/alleegalerii.ee\/en\/wp-json\/wp\/v2\/product"}],"about":[{"href":"https:\/\/alleegalerii.ee\/en\/wp-json\/wp\/v2\/types\/product"}],"wp:featuredmedia":[{"embeddable":true,"href":"https:\/\/alleegalerii.ee\/en\/wp-json\/wp\/v2\/media\/10228"}],"wp:attachment":[{"href":"https:\/\/alleegalerii.ee\/en\/wp-json\/wp\/v2\/media?parent=10219"}],"wp:term":[{"taxonomy":"product_brand","embeddable":true,"href":"https:\/\/alleegalerii.ee\/en\/wp-json\/wp\/v2\/product_brand?post=10219"},{"taxonomy":"product_cat","embeddable":true,"href":"https:\/\/alleegalerii.ee\/en\/wp-json\/wp\/v2\/product_cat?post=10219"},{"taxonomy":"product_tag","embeddable":true,"href":"https:\/\/alleegalerii.ee\/en\/wp-json\/wp\/v2\/product_tag?post=10219"}],"curies":[{"name":"wp","href":"https:\/\/api.w.org\/{rel}","templated":true}]}}