{"id":10208,"date":"2023-01-12T15:39:20","date_gmt":"2023-01-12T13:39:20","guid":{"rendered":"https:\/\/alleegalerii.ee\/?post_type=product&#038;p=10208"},"modified":"2023-12-01T09:32:30","modified_gmt":"2023-12-01T07:32:30","slug":"endel-taniloo-ema-lapsega-1976","status":"publish","type":"product","link":"https:\/\/alleegalerii.ee\/en\/shop\/endel-taniloo-ema-lapsega-1976\/","title":{"rendered":"Endel Taniloo &#8220;Ema lapsega&#8221;, 1976"},"content":{"rendered":"","protected":false},"excerpt":{"rendered":"<p>Kunstkivi (betoon). Reljeef.<\/p>\n<p>M\u00f5\u00f5dud 63 x 50 x 5 cm.<\/p>\n<p>Endel Taniloo (1923-2019) oli eesti skulptor. Ta \u00f5ppis aastatel 1940-1943 Tartu \u00d5petajate Seminaris ning kohe p\u00e4rast seda aastakese K\u00f5rgemas Kunstikoolis Pallas. S\u00f5ja t\u00f5ttu j\u00e4id tema \u00f5pingud pooleli ning vabanedes vangilaagrist j\u00e4tkas ta oma \u00f5pinguid aastatel 1946-1952 Tartu Riiklikus Kunstiinstituudis.<\/p>\n<p>\u00dcle kolmek\u00fcmne isikun\u00e4ituse korraldanud Taniloo oli \u00fcks esimesi eesti kujureid, kes v\u00f5ttis skulptuurimaterjalina kasutusele dolomiidi.<\/p>\n<p>Teosega saab tutvuda Allee galeriis.<\/p>\n","protected":false},"featured_media":10209,"template":"","meta":{"_acf_changed":false},"product_brand":[],"product_cat":[59],"product_tag":[60],"class_list":{"0":"post-10208","1":"product","2":"type-product","3":"status-publish","4":"has-post-thumbnail","6":"product_cat-e-pood","7":"product_tag-e-pood","9":"first","10":"outofstock","11":"sold-individually","12":"shipping-taxable","13":"purchasable","14":"product-type-simple"},"acf":[],"_links":{"self":[{"href":"https:\/\/alleegalerii.ee\/en\/wp-json\/wp\/v2\/product\/10208","targetHints":{"allow":["GET"]}}],"collection":[{"href":"https:\/\/alleegalerii.ee\/en\/wp-json\/wp\/v2\/product"}],"about":[{"href":"https:\/\/alleegalerii.ee\/en\/wp-json\/wp\/v2\/types\/product"}],"wp:featuredmedia":[{"embeddable":true,"href":"https:\/\/alleegalerii.ee\/en\/wp-json\/wp\/v2\/media\/10209"}],"wp:attachment":[{"href":"https:\/\/alleegalerii.ee\/en\/wp-json\/wp\/v2\/media?parent=10208"}],"wp:term":[{"taxonomy":"product_brand","embeddable":true,"href":"https:\/\/alleegalerii.ee\/en\/wp-json\/wp\/v2\/product_brand?post=10208"},{"taxonomy":"product_cat","embeddable":true,"href":"https:\/\/alleegalerii.ee\/en\/wp-json\/wp\/v2\/product_cat?post=10208"},{"taxonomy":"product_tag","embeddable":true,"href":"https:\/\/alleegalerii.ee\/en\/wp-json\/wp\/v2\/product_tag?post=10208"}],"curies":[{"name":"wp","href":"https:\/\/api.w.org\/{rel}","templated":true}]}}