{"id":10204,"date":"2023-01-12T15:29:08","date_gmt":"2023-01-12T13:29:08","guid":{"rendered":"https:\/\/alleegalerii.ee\/?post_type=product&#038;p=10204"},"modified":"2024-03-16T18:21:51","modified_gmt":"2024-03-16T16:21:51","slug":"nikolai-kull-lilled-1929","status":"publish","type":"product","link":"https:\/\/alleegalerii.ee\/en\/shop\/nikolai-kull-lilled-1929\/","title":{"rendered":"Nikolai Kull &#8220;Lilled&#8221;, 1929"},"content":{"rendered":"","protected":false},"excerpt":{"rendered":"<p>\u00d5li papil. Raamitud.<\/p>\n<p>M\u00f5\u00f5dud 54 x 42 cm. Raamiga 64 x 52 cm.<\/p>\n<p>All vasakul: N. Kull 1929<\/p>\n<p>Nikolai Kull (1894-1945) sai oma kunstihariduse suurmeistrite Ants Laikmaa ja Nikolai Triigi k\u00e4e all ning viimasega kujunenud l\u00e4hedane s\u00f5prus m\u00f5jutas ka Kulli kunstilist k\u00e4ekirja. Samal ajal k\u00e4is Kull \u00f5ppereisidel Helsingis ja Saksamaal, et oma oskusi veelgi lihvida. Teoselt &#8220;Lilled&#8221; leiame nii Kullile omaseid pruunikaid ja hallikaid toone kui hoolikalt s\u00e4titud \u00f5itele omast \u00f5rna roosakasbee\u017ei.<\/p>\n<p>Teosega saab tutvuda Allee galeriis.<\/p>\n","protected":false},"featured_media":10206,"template":"","meta":{"_acf_changed":false},"product_brand":[],"product_cat":[415,56,57,59],"product_tag":[60],"class_list":{"0":"post-10204","1":"product","2":"type-product","3":"status-publish","4":"has-post-thumbnail","6":"product_cat-maal","7":"product_cat-olimaal","8":"product_cat-muudud","9":"product_cat-e-pood","10":"product_tag-e-pood","12":"first","13":"outofstock","14":"sold-individually","15":"shipping-taxable","16":"product-type-simple"},"acf":[],"_links":{"self":[{"href":"https:\/\/alleegalerii.ee\/en\/wp-json\/wp\/v2\/product\/10204","targetHints":{"allow":["GET"]}}],"collection":[{"href":"https:\/\/alleegalerii.ee\/en\/wp-json\/wp\/v2\/product"}],"about":[{"href":"https:\/\/alleegalerii.ee\/en\/wp-json\/wp\/v2\/types\/product"}],"wp:featuredmedia":[{"embeddable":true,"href":"https:\/\/alleegalerii.ee\/en\/wp-json\/wp\/v2\/media\/10206"}],"wp:attachment":[{"href":"https:\/\/alleegalerii.ee\/en\/wp-json\/wp\/v2\/media?parent=10204"}],"wp:term":[{"taxonomy":"product_brand","embeddable":true,"href":"https:\/\/alleegalerii.ee\/en\/wp-json\/wp\/v2\/product_brand?post=10204"},{"taxonomy":"product_cat","embeddable":true,"href":"https:\/\/alleegalerii.ee\/en\/wp-json\/wp\/v2\/product_cat?post=10204"},{"taxonomy":"product_tag","embeddable":true,"href":"https:\/\/alleegalerii.ee\/en\/wp-json\/wp\/v2\/product_tag?post=10204"}],"curies":[{"name":"wp","href":"https:\/\/api.w.org\/{rel}","templated":true}]}}