{"id":10197,"date":"2023-01-12T14:53:15","date_gmt":"2023-01-12T12:53:15","guid":{"rendered":"https:\/\/alleegalerii.ee\/?post_type=product&#038;p=10197"},"modified":"2023-11-14T22:07:18","modified_gmt":"2023-11-14T20:07:18","slug":"kalju-nagel-jarvemaastik-1963","status":"publish","type":"product","link":"https:\/\/alleegalerii.ee\/en\/shop\/kalju-nagel-jarvemaastik-1963\/","title":{"rendered":"Kalju Nagel &#8220;J\u00e4rvemaastik&#8221;, 1963"},"content":{"rendered":"","protected":false},"excerpt":{"rendered":"<p>\u00d5li papil. Raamitud.<\/p>\n<p>M\u00f5\u00f5dud 50 x 70 cm. Raamiga 62 x 81 cm<\/p>\n<p>All paremal: Kalju Nagel 63<\/p>\n<p>Nagu Tartu maalijad \u00fcldiselt, on Kalju Nagel (1918-2005) ammutanud oma motiivistiku peamiselt L\u00f5una-Eesti kuppelmaastikust, mis oma p\u00f5llu-ja metsasiilude ning j\u00e4rvepeeglitega on inspiratsiooni l\u00f5putuks allikaks.<\/p>\n<p>Teosega saab tutvuda Allee galeriis.<\/p>\n","protected":false},"featured_media":10199,"template":"","meta":{"_acf_changed":false},"product_brand":[],"product_cat":[415,56,59],"product_tag":[60],"class_list":{"0":"post-10197","1":"product","2":"type-product","3":"status-publish","4":"has-post-thumbnail","6":"product_cat-maal","7":"product_cat-olimaal","8":"product_cat-e-pood","9":"product_tag-e-pood","11":"first","12":"outofstock","13":"sold-individually","14":"shipping-taxable","15":"product-type-simple"},"acf":[],"_links":{"self":[{"href":"https:\/\/alleegalerii.ee\/en\/wp-json\/wp\/v2\/product\/10197","targetHints":{"allow":["GET"]}}],"collection":[{"href":"https:\/\/alleegalerii.ee\/en\/wp-json\/wp\/v2\/product"}],"about":[{"href":"https:\/\/alleegalerii.ee\/en\/wp-json\/wp\/v2\/types\/product"}],"wp:featuredmedia":[{"embeddable":true,"href":"https:\/\/alleegalerii.ee\/en\/wp-json\/wp\/v2\/media\/10199"}],"wp:attachment":[{"href":"https:\/\/alleegalerii.ee\/en\/wp-json\/wp\/v2\/media?parent=10197"}],"wp:term":[{"taxonomy":"product_brand","embeddable":true,"href":"https:\/\/alleegalerii.ee\/en\/wp-json\/wp\/v2\/product_brand?post=10197"},{"taxonomy":"product_cat","embeddable":true,"href":"https:\/\/alleegalerii.ee\/en\/wp-json\/wp\/v2\/product_cat?post=10197"},{"taxonomy":"product_tag","embeddable":true,"href":"https:\/\/alleegalerii.ee\/en\/wp-json\/wp\/v2\/product_tag?post=10197"}],"curies":[{"name":"wp","href":"https:\/\/api.w.org\/{rel}","templated":true}]}}