{"id":10194,"date":"2023-01-12T12:43:01","date_gmt":"2023-01-12T10:43:01","guid":{"rendered":"https:\/\/alleegalerii.ee\/?post_type=product&#038;p=10194"},"modified":"2024-03-14T09:12:35","modified_gmt":"2024-03-14T07:12:35","slug":"gregor-von-bochmann-mees-hobusega","status":"publish","type":"product","link":"https:\/\/alleegalerii.ee\/en\/shop\/gregor-von-bochmann-mees-hobusega\/","title":{"rendered":"Gregor von Bochmann \u201cMees hobusega\u201d"},"content":{"rendered":"","protected":false},"excerpt":{"rendered":"<p>\u00d5li l\u00f5uendil. Dateerimata. Raamitud.<\/p>\n<p>M\u00f5\u00f5dud 110 x 93 cm. Raamiga 126 x 109 cm.<\/p>\n<p><span style=\"font-weight: 400;\">Maineka D\u00fcsseldorfi Kunstiakadeemia professor, baltisakslane Gregor von Bochmann on Eesti kunstiajaloo jaoks isegi t\u00e4htsam kui Saksa kunstiajaloo jaoks, kuna ta s\u00fcndis ja alustas kunsti\u00f5pinguid siin, maalis elu l\u00f5puni L\u00e4\u00e4nemaa motiive.<\/span><\/p>\n<p><span style=\"font-weight: 400;\">Samuti tutvus siinne kunstipublik tema t\u00f6\u00f6de kaudu moodsa naturalismiga ning vaba\u00f5humaali v\u00e4rskuse ja vabadusega. <\/span><span style=\"font-weight: 400;\">Meisterlik hobuste kujutaja armastas neid v\u00f5imsaid loomi kujutada nii looduses kui tallis, andes kroonikuna edasi kohalike talupoegade igap\u00e4evaseid toimetusi.<\/span><\/p>\n","protected":false},"featured_media":10196,"template":"","meta":{"_acf_changed":false},"product_brand":[],"product_cat":[415,56,59],"product_tag":[60],"class_list":{"0":"post-10194","1":"product","2":"type-product","3":"status-publish","4":"has-post-thumbnail","6":"product_cat-maal","7":"product_cat-olimaal","8":"product_cat-e-pood","9":"product_tag-e-pood","11":"first","12":"instock","13":"sold-individually","14":"shipping-taxable","15":"purchasable","16":"product-type-simple"},"acf":[],"_links":{"self":[{"href":"https:\/\/alleegalerii.ee\/en\/wp-json\/wp\/v2\/product\/10194","targetHints":{"allow":["GET"]}}],"collection":[{"href":"https:\/\/alleegalerii.ee\/en\/wp-json\/wp\/v2\/product"}],"about":[{"href":"https:\/\/alleegalerii.ee\/en\/wp-json\/wp\/v2\/types\/product"}],"wp:featuredmedia":[{"embeddable":true,"href":"https:\/\/alleegalerii.ee\/en\/wp-json\/wp\/v2\/media\/10196"}],"wp:attachment":[{"href":"https:\/\/alleegalerii.ee\/en\/wp-json\/wp\/v2\/media?parent=10194"}],"wp:term":[{"taxonomy":"product_brand","embeddable":true,"href":"https:\/\/alleegalerii.ee\/en\/wp-json\/wp\/v2\/product_brand?post=10194"},{"taxonomy":"product_cat","embeddable":true,"href":"https:\/\/alleegalerii.ee\/en\/wp-json\/wp\/v2\/product_cat?post=10194"},{"taxonomy":"product_tag","embeddable":true,"href":"https:\/\/alleegalerii.ee\/en\/wp-json\/wp\/v2\/product_tag?post=10194"}],"curies":[{"name":"wp","href":"https:\/\/api.w.org\/{rel}","templated":true}]}}