{"id":10184,"date":"2023-01-10T17:30:13","date_gmt":"2023-01-10T15:30:13","guid":{"rendered":"https:\/\/alleegalerii.ee\/?post_type=product&#038;p=10184"},"modified":"2023-11-14T22:07:18","modified_gmt":"2023-11-14T20:07:18","slug":"roman-nyman-kaberneeme-1942","status":"publish","type":"product","link":"https:\/\/alleegalerii.ee\/en\/shop\/roman-nyman-kaberneeme-1942\/","title":{"rendered":"Roman Nyman &#8220;Kaberneeme&#8221;, 1942"},"content":{"rendered":"","protected":false},"excerpt":{"rendered":"<p>Segatehnika, paber. Raamitud.<\/p>\n<p>M\u00f5\u00f5dud: ava 23 x 30 cm. Raamiga 40,5 x 46,6 cm<\/p>\n<p>All vasakul: Kaberneeme 30.VIII.42 All paremal: R. Nyman<\/p>\n<p>1940. aastate algul k\u00e4is Roman Nyman (1881-1951) p\u00f5hjarannikul asuvas looduskaunis Kaberneemes joonistamas ja maalimas. L\u00e4hedalasuvas Haapses joonistas neil aastail teinegi kuulus kunstnik, G\u00fcnther Reindorff.\u00a0Nymani armastus Eestimaa looduse vastu on teoses v\u00e4ljendatud detailse, s\u00fcgavalt sisemusest tuleva maalijakirega esiplaanil olevate puude kujutamisel.<\/p>\n<p>Teosega saab tutvuda Allee galeriis.<\/p>\n","protected":false},"featured_media":10186,"template":"","meta":{"_acf_changed":false},"product_brand":[],"product_cat":[415,62,59,93],"product_tag":[60],"class_list":{"0":"post-10184","1":"product","2":"type-product","3":"status-publish","4":"has-post-thumbnail","6":"product_cat-maal","7":"product_cat-joonistus","8":"product_cat-e-pood","9":"product_cat-segatehnika","10":"product_tag-e-pood","12":"first","13":"outofstock","14":"sold-individually","15":"shipping-taxable","16":"product-type-simple"},"acf":[],"_links":{"self":[{"href":"https:\/\/alleegalerii.ee\/en\/wp-json\/wp\/v2\/product\/10184","targetHints":{"allow":["GET"]}}],"collection":[{"href":"https:\/\/alleegalerii.ee\/en\/wp-json\/wp\/v2\/product"}],"about":[{"href":"https:\/\/alleegalerii.ee\/en\/wp-json\/wp\/v2\/types\/product"}],"wp:featuredmedia":[{"embeddable":true,"href":"https:\/\/alleegalerii.ee\/en\/wp-json\/wp\/v2\/media\/10186"}],"wp:attachment":[{"href":"https:\/\/alleegalerii.ee\/en\/wp-json\/wp\/v2\/media?parent=10184"}],"wp:term":[{"taxonomy":"product_brand","embeddable":true,"href":"https:\/\/alleegalerii.ee\/en\/wp-json\/wp\/v2\/product_brand?post=10184"},{"taxonomy":"product_cat","embeddable":true,"href":"https:\/\/alleegalerii.ee\/en\/wp-json\/wp\/v2\/product_cat?post=10184"},{"taxonomy":"product_tag","embeddable":true,"href":"https:\/\/alleegalerii.ee\/en\/wp-json\/wp\/v2\/product_tag?post=10184"}],"curies":[{"name":"wp","href":"https:\/\/api.w.org\/{rel}","templated":true}]}}