{"id":10127,"date":"2022-12-02T13:02:15","date_gmt":"2022-12-02T11:02:15","guid":{"rendered":"https:\/\/alleegalerii.ee\/?post_type=product&#038;p=10127"},"modified":"2024-04-19T18:13:53","modified_gmt":"2024-04-19T15:13:53","slug":"jaan-toomik-maastik-2005","status":"publish","type":"product","link":"https:\/\/alleegalerii.ee\/en\/shop\/jaan-toomik-maastik-2005\/","title":{"rendered":"Jaan Toomik &#8220;Maastik&#8221;, 2005"},"content":{"rendered":"","protected":false},"excerpt":{"rendered":"<p>M\u00dc\u00dcDUD<\/p>\n<p>\u00d5li l\u00f5uendil. Raamitud. P\u00f6\u00f6rdel: &#8220;Maastik&#8221;, 2005.<\/p>\n<p>M\u00f5\u00f5dud: 24 x 34 cm Raamiga: 37,5 x 47,5 cm.<\/p>\n<div class=\"wpb_wrapper is_stuck\">\n<div class=\"wpb_text_column wpb_content_element\">\n<div class=\"wpb_wrapper\">\n<p>Eesti \u00fche rahvusvaheliselt tuntuma n\u00fc\u00fcdiskunstniku, Jaan Toomiku (s 1961) teoseid kuulub maailma parimatesse kollektsioonidesse.\u00a0 2020. aastal p\u00e4lvis ta Kristjan Raua preemia.<\/p>\n<\/div>\n<\/div>\n<\/div>\n","protected":false},"featured_media":10128,"template":"","meta":{"_acf_changed":false},"product_brand":[],"product_cat":[415,56,57,59],"product_tag":[60],"class_list":{"0":"post-10127","1":"product","2":"type-product","3":"status-publish","4":"has-post-thumbnail","6":"product_cat-maal","7":"product_cat-olimaal","8":"product_cat-muudud","9":"product_cat-e-pood","10":"product_tag-e-pood","12":"first","13":"outofstock","14":"sold-individually","15":"shipping-taxable","16":"purchasable","17":"product-type-simple"},"acf":[],"_links":{"self":[{"href":"https:\/\/alleegalerii.ee\/en\/wp-json\/wp\/v2\/product\/10127","targetHints":{"allow":["GET"]}}],"collection":[{"href":"https:\/\/alleegalerii.ee\/en\/wp-json\/wp\/v2\/product"}],"about":[{"href":"https:\/\/alleegalerii.ee\/en\/wp-json\/wp\/v2\/types\/product"}],"wp:featuredmedia":[{"embeddable":true,"href":"https:\/\/alleegalerii.ee\/en\/wp-json\/wp\/v2\/media\/10128"}],"wp:attachment":[{"href":"https:\/\/alleegalerii.ee\/en\/wp-json\/wp\/v2\/media?parent=10127"}],"wp:term":[{"taxonomy":"product_brand","embeddable":true,"href":"https:\/\/alleegalerii.ee\/en\/wp-json\/wp\/v2\/product_brand?post=10127"},{"taxonomy":"product_cat","embeddable":true,"href":"https:\/\/alleegalerii.ee\/en\/wp-json\/wp\/v2\/product_cat?post=10127"},{"taxonomy":"product_tag","embeddable":true,"href":"https:\/\/alleegalerii.ee\/en\/wp-json\/wp\/v2\/product_tag?post=10127"}],"curies":[{"name":"wp","href":"https:\/\/api.w.org\/{rel}","templated":true}]}}