{"id":10111,"date":"2022-11-30T15:43:46","date_gmt":"2022-11-30T13:43:46","guid":{"rendered":"https:\/\/alleegalerii.ee\/?post_type=product&#038;p=10111"},"modified":"2024-01-27T13:23:19","modified_gmt":"2024-01-27T11:23:19","slug":"jan-tammik-tabasalu-turisalu-kandis-2020","status":"publish","type":"product","link":"https:\/\/alleegalerii.ee\/en\/shop\/jan-tammik-tabasalu-turisalu-kandis-2020\/","title":{"rendered":"Jan Tammik &#8220;Tabasalu \u2013 T\u00fcrisalu kandis&#8221;, 2020"},"content":{"rendered":"","protected":false},"excerpt":{"rendered":"<p>M\u00dc\u00dcDUD<\/p>\n<p>\u00d5li l\u00f5uendil. M\u00f5\u00f5dud: 47 x 79 cm. Raamiga 53 x 85 cm<\/p>\n<p>All vasakul: Jan Tammik<br \/>\nP\u00f6\u00f6rdel: Jan Tammik Tabasalu &#8211; T\u00fcrisalu kandis 2020<\/p>\n<p>Jan Tammik (1970) hindab oma loomingus traditsioonilist maalilaadi. Peamiselt maastikke ja nat\u00fc\u00fcrmorte loova kunstniku teoseid iseloomustava natuuritruuduse \u00fcheks aluseks on otse looduses koha peal maalimine.<\/p>\n<p>Teosega saab tutvuda Allee galeriis.<\/p>\n","protected":false},"featured_media":10113,"template":"","meta":{"_acf_changed":false},"product_brand":[],"product_cat":[415,56,57,59],"product_tag":[60],"class_list":{"0":"post-10111","1":"product","2":"type-product","3":"status-publish","4":"has-post-thumbnail","6":"product_cat-maal","7":"product_cat-olimaal","8":"product_cat-muudud","9":"product_cat-e-pood","10":"product_tag-e-pood","12":"first","13":"outofstock","14":"sold-individually","15":"shipping-taxable","16":"product-type-simple"},"acf":[],"_links":{"self":[{"href":"https:\/\/alleegalerii.ee\/en\/wp-json\/wp\/v2\/product\/10111","targetHints":{"allow":["GET"]}}],"collection":[{"href":"https:\/\/alleegalerii.ee\/en\/wp-json\/wp\/v2\/product"}],"about":[{"href":"https:\/\/alleegalerii.ee\/en\/wp-json\/wp\/v2\/types\/product"}],"wp:featuredmedia":[{"embeddable":true,"href":"https:\/\/alleegalerii.ee\/en\/wp-json\/wp\/v2\/media\/10113"}],"wp:attachment":[{"href":"https:\/\/alleegalerii.ee\/en\/wp-json\/wp\/v2\/media?parent=10111"}],"wp:term":[{"taxonomy":"product_brand","embeddable":true,"href":"https:\/\/alleegalerii.ee\/en\/wp-json\/wp\/v2\/product_brand?post=10111"},{"taxonomy":"product_cat","embeddable":true,"href":"https:\/\/alleegalerii.ee\/en\/wp-json\/wp\/v2\/product_cat?post=10111"},{"taxonomy":"product_tag","embeddable":true,"href":"https:\/\/alleegalerii.ee\/en\/wp-json\/wp\/v2\/product_tag?post=10111"}],"curies":[{"name":"wp","href":"https:\/\/api.w.org\/{rel}","templated":true}]}}