{"id":10049,"date":"2022-11-22T12:43:37","date_gmt":"2022-11-22T10:43:37","guid":{"rendered":"https:\/\/alleegalerii.ee\/?post_type=product&#038;p=10049"},"modified":"2023-11-14T22:07:16","modified_gmt":"2023-11-14T20:07:16","slug":"vello-vinn-draakoni-galerii-1988","status":"publish","type":"product","link":"https:\/\/alleegalerii.ee\/en\/shop\/vello-vinn-draakoni-galerii-1988\/","title":{"rendered":"Vello Vinn &#8220;Draakoni galerii&#8221;, 1988"},"content":{"rendered":"","protected":false},"excerpt":{"rendered":"<p>Ofort.\u00a0M\u00f5\u00f5dud: plm 24 x 21 cm.<\/p>\n<p>Vello Vinn (s 1939) on l\u00e4bi oma loometee pidanud oluliseks s\u00fcmmeetriat, perfektset korrastatust. Nii m\u00e4ngib ta oma kompositsioonides s\u00fcmmeetrilise peegelefektiga, mille energiav\u00e4lja kannavad k\u00e4esoleval teosel maagilised draakonid.<\/p>\n<p>Soovi korral saame abiks olla ka teose raamimisel.<\/p>\n","protected":false},"featured_media":10050,"template":"","meta":{"_acf_changed":false},"product_brand":[],"product_cat":[61,59],"product_tag":[60],"class_list":{"0":"post-10049","1":"product","2":"type-product","3":"status-publish","4":"has-post-thumbnail","6":"product_cat-graafika","7":"product_cat-e-pood","8":"product_tag-e-pood","10":"first","11":"outofstock","12":"sold-individually","13":"shipping-taxable","14":"purchasable","15":"product-type-simple"},"acf":[],"_links":{"self":[{"href":"https:\/\/alleegalerii.ee\/en\/wp-json\/wp\/v2\/product\/10049","targetHints":{"allow":["GET"]}}],"collection":[{"href":"https:\/\/alleegalerii.ee\/en\/wp-json\/wp\/v2\/product"}],"about":[{"href":"https:\/\/alleegalerii.ee\/en\/wp-json\/wp\/v2\/types\/product"}],"wp:featuredmedia":[{"embeddable":true,"href":"https:\/\/alleegalerii.ee\/en\/wp-json\/wp\/v2\/media\/10050"}],"wp:attachment":[{"href":"https:\/\/alleegalerii.ee\/en\/wp-json\/wp\/v2\/media?parent=10049"}],"wp:term":[{"taxonomy":"product_brand","embeddable":true,"href":"https:\/\/alleegalerii.ee\/en\/wp-json\/wp\/v2\/product_brand?post=10049"},{"taxonomy":"product_cat","embeddable":true,"href":"https:\/\/alleegalerii.ee\/en\/wp-json\/wp\/v2\/product_cat?post=10049"},{"taxonomy":"product_tag","embeddable":true,"href":"https:\/\/alleegalerii.ee\/en\/wp-json\/wp\/v2\/product_tag?post=10049"}],"curies":[{"name":"wp","href":"https:\/\/api.w.org\/{rel}","templated":true}]}}