{"id":10028,"date":"2022-11-19T12:59:42","date_gmt":"2022-11-19T10:59:42","guid":{"rendered":"https:\/\/alleegalerii.ee\/?post_type=product&#038;p=10028"},"modified":"2023-11-14T22:07:13","modified_gmt":"2023-11-14T20:07:13","slug":"valdur-ohakas-tantsijad-1993","status":"publish","type":"product","link":"https:\/\/alleegalerii.ee\/en\/shop\/valdur-ohakas-tantsijad-1993\/","title":{"rendered":"Valdur Ohakas &#8220;Tantsijad&#8221;, 1993"},"content":{"rendered":"","protected":false},"excerpt":{"rendered":"<p>\u00d5li papil. Raamitud.<\/p>\n<p>M\u00f5\u00f5dud: 39 x 32,5 cm<\/p>\n<p>Valdur Ohaka (1925-1998) bagatellid, lennuka pintsliga kompositsioonid s\u00fcndisid kiirelt ja hetkeemotsiooni ajel. Seet\u00f5ttu on neis enim elur\u00f5\u00f5mu ja d\u00fcnaamikat ning nagu on kunagi \u00f6elnud luuletaja ja kunstnik Indrek Hirv \u2013 ausust.<\/p>\n<p>Nii leiame \u201eTantsijate\u201c punases kirge, valges puhtust ning peitvates kost\u00fc\u00fcmides salap\u00e4ra. Kunstnik ei ole takerdunud liigsesse detaili, oluline on hetk just siin ja praegu. Nagu tema varasemateski teostes, kajastub l\u00f5unamaisest motiiviarendusest hoolimata midagi ka Ohaka enda argip\u00e4evast.<\/p>\n<p>Nimelt armastas tema abikaasa Eetla k\u00fcbaraid valmistada ning nende kodus leidus alati arvukalt moeajakirju, millest saadud ideev\u00e4lgatusi kunstnik sageli oma maalidesse l\u00fclitas.<\/p>\n","protected":false},"featured_media":7057,"template":"","meta":{"_acf_changed":false},"product_brand":[],"product_cat":[415,56,59],"product_tag":[60],"class_list":{"0":"post-10028","1":"product","2":"type-product","3":"status-publish","4":"has-post-thumbnail","6":"product_cat-maal","7":"product_cat-olimaal","8":"product_cat-e-pood","9":"product_tag-e-pood","11":"first","12":"outofstock","13":"sold-individually","14":"shipping-taxable","15":"purchasable","16":"product-type-simple"},"acf":[],"_links":{"self":[{"href":"https:\/\/alleegalerii.ee\/en\/wp-json\/wp\/v2\/product\/10028","targetHints":{"allow":["GET"]}}],"collection":[{"href":"https:\/\/alleegalerii.ee\/en\/wp-json\/wp\/v2\/product"}],"about":[{"href":"https:\/\/alleegalerii.ee\/en\/wp-json\/wp\/v2\/types\/product"}],"wp:featuredmedia":[{"embeddable":true,"href":"https:\/\/alleegalerii.ee\/en\/wp-json\/wp\/v2\/media\/7057"}],"wp:attachment":[{"href":"https:\/\/alleegalerii.ee\/en\/wp-json\/wp\/v2\/media?parent=10028"}],"wp:term":[{"taxonomy":"product_brand","embeddable":true,"href":"https:\/\/alleegalerii.ee\/en\/wp-json\/wp\/v2\/product_brand?post=10028"},{"taxonomy":"product_cat","embeddable":true,"href":"https:\/\/alleegalerii.ee\/en\/wp-json\/wp\/v2\/product_cat?post=10028"},{"taxonomy":"product_tag","embeddable":true,"href":"https:\/\/alleegalerii.ee\/en\/wp-json\/wp\/v2\/product_tag?post=10028"}],"curies":[{"name":"wp","href":"https:\/\/api.w.org\/{rel}","templated":true}]}}