{"id":10027,"date":"2022-11-19T12:55:41","date_gmt":"2022-11-19T10:55:41","guid":{"rendered":"https:\/\/alleegalerii.ee\/?post_type=product&#038;p=10027"},"modified":"2023-11-14T22:07:12","modified_gmt":"2023-11-14T20:07:12","slug":"silvia-jogever-liblikas-1967","status":"publish","type":"product","link":"https:\/\/alleegalerii.ee\/en\/shop\/silvia-jogever-liblikas-1967\/","title":{"rendered":"Silvia J\u00f5gever &#8220;Liblikas&#8221;, 1967"},"content":{"rendered":"","protected":false},"excerpt":{"rendered":"<p>Gua\u0161\u0161. Raamitud.<\/p>\n<p>M\u00f5\u00f5dud: 31 x 43 cm<\/p>\n<p>Tartu \u00fcks huvitavamaid naiskunstnikke Silvia J\u00f5gever (1924-2005) on eri aastak\u00fcmnetel viljelenud abstraktset laadi figuratiivse k\u00f5rval. M\u00f5lemas \u017eanris on ta olnud intimist ning ehitanud kompositsioone \u00fcles k\u00fcll \u00fchelt poolt kontrastidele, kuid teisalt nende puhtatoonilisele selgele harmooniale.<\/p>\n<p>1960. aastate teine pool oli aeg, mil \u00fcldisest abstraktsionismilainest oli haaratud ka J\u00f5gever. Soosteri, Ohaka ja Roode s\u00f5pruskonda kuulunud kunstniku teosed olid oma aja kohta julged ja eristuvad, neis oli \u00fchekorraga nii m\u00e4ssumeelsust kui selget struktuuri.<\/p>\n<p>Nii on poolabstraktsel \u201eLiblikalgi\u201c l\u00f5putu arv reaalseid ja vaid ettekujutatavaid tiibu, mis v\u00e4\u00e4nduvad \u00fcksteisesse, j\u00e4\u00e4des siiski \u00f5huliseks ning korrastatuks.<\/p>\n","protected":false},"featured_media":6944,"template":"","meta":{"_acf_changed":false},"product_brand":[],"product_cat":[415,59,69],"product_tag":[60],"class_list":{"0":"post-10027","1":"product","2":"type-product","3":"status-publish","4":"has-post-thumbnail","6":"product_cat-maal","7":"product_cat-e-pood","8":"product_cat-guass","9":"product_tag-e-pood","11":"first","12":"instock","13":"sold-individually","14":"shipping-taxable","15":"purchasable","16":"product-type-simple"},"acf":[],"_links":{"self":[{"href":"https:\/\/alleegalerii.ee\/en\/wp-json\/wp\/v2\/product\/10027","targetHints":{"allow":["GET"]}}],"collection":[{"href":"https:\/\/alleegalerii.ee\/en\/wp-json\/wp\/v2\/product"}],"about":[{"href":"https:\/\/alleegalerii.ee\/en\/wp-json\/wp\/v2\/types\/product"}],"wp:featuredmedia":[{"embeddable":true,"href":"https:\/\/alleegalerii.ee\/en\/wp-json\/wp\/v2\/media\/6944"}],"wp:attachment":[{"href":"https:\/\/alleegalerii.ee\/en\/wp-json\/wp\/v2\/media?parent=10027"}],"wp:term":[{"taxonomy":"product_brand","embeddable":true,"href":"https:\/\/alleegalerii.ee\/en\/wp-json\/wp\/v2\/product_brand?post=10027"},{"taxonomy":"product_cat","embeddable":true,"href":"https:\/\/alleegalerii.ee\/en\/wp-json\/wp\/v2\/product_cat?post=10027"},{"taxonomy":"product_tag","embeddable":true,"href":"https:\/\/alleegalerii.ee\/en\/wp-json\/wp\/v2\/product_tag?post=10027"}],"curies":[{"name":"wp","href":"https:\/\/api.w.org\/{rel}","templated":true}]}}