{"id":10002,"date":"2022-11-15T12:30:24","date_gmt":"2022-11-15T10:30:24","guid":{"rendered":"https:\/\/alleegalerii.ee\/?post_type=product&#038;p=10002"},"modified":"2023-11-14T22:07:13","modified_gmt":"2023-11-14T20:07:13","slug":"evald-okas-roosa-akt-1975","status":"publish","type":"product","link":"https:\/\/alleegalerii.ee\/en\/shop\/evald-okas-roosa-akt-1975\/","title":{"rendered":"Evald Okas &#8220;Roosa akt&#8221;, 1975"},"content":{"rendered":"","protected":false},"excerpt":{"rendered":"<p>\u00d5li l\u00f5uendil. Raamitud.<\/p>\n<p>M\u00f5\u00f5dud: 49 x 70 cm. Raamiga: 60 x 80 cm<\/p>\n<p>Evald Okas (1915-2011) otsis oma loomingus esteetiliselt nauditavaid hetki ning ka oma akti\u017eanrides keskendus ta pigem joonele endale kui selle intiimsele t\u00e4hendusele.<\/p>\n<p>\u201cRoosas aktis\u201d j\u00e4lgib Okase pilk j\u00e4rgem\u00f6\u00f6da kumerat puusajoont, lihaselist k\u00f5htu ning \u00fcmaraid rindu kui avastusrohket retke visuaalmaailmas, mille eesm\u00e4rgiks on j\u00e4\u00e4dvustada ajatut ilu.<\/p>\n","protected":false},"featured_media":9609,"template":"","meta":{"_acf_changed":false},"product_brand":[],"product_cat":[415,56,59],"product_tag":[60],"class_list":{"0":"post-10002","1":"product","2":"type-product","3":"status-publish","4":"has-post-thumbnail","6":"product_cat-maal","7":"product_cat-olimaal","8":"product_cat-e-pood","9":"product_tag-e-pood","11":"first","12":"outofstock","13":"sold-individually","14":"shipping-taxable","15":"product-type-simple"},"acf":[],"_links":{"self":[{"href":"https:\/\/alleegalerii.ee\/en\/wp-json\/wp\/v2\/product\/10002","targetHints":{"allow":["GET"]}}],"collection":[{"href":"https:\/\/alleegalerii.ee\/en\/wp-json\/wp\/v2\/product"}],"about":[{"href":"https:\/\/alleegalerii.ee\/en\/wp-json\/wp\/v2\/types\/product"}],"wp:featuredmedia":[{"embeddable":true,"href":"https:\/\/alleegalerii.ee\/en\/wp-json\/wp\/v2\/media\/9609"}],"wp:attachment":[{"href":"https:\/\/alleegalerii.ee\/en\/wp-json\/wp\/v2\/media?parent=10002"}],"wp:term":[{"taxonomy":"product_brand","embeddable":true,"href":"https:\/\/alleegalerii.ee\/en\/wp-json\/wp\/v2\/product_brand?post=10002"},{"taxonomy":"product_cat","embeddable":true,"href":"https:\/\/alleegalerii.ee\/en\/wp-json\/wp\/v2\/product_cat?post=10002"},{"taxonomy":"product_tag","embeddable":true,"href":"https:\/\/alleegalerii.ee\/en\/wp-json\/wp\/v2\/product_tag?post=10002"}],"curies":[{"name":"wp","href":"https:\/\/api.w.org\/{rel}","templated":true}]}}